{"id":374,"date":"2020-06-30T21:39:44","date_gmt":"2020-06-30T21:39:44","guid":{"rendered":"http:\/\/nick-ev.com\/?page_id=374"},"modified":"2021-03-06T22:29:50","modified_gmt":"2021-03-06T22:29:50","slug":"taetigkeiten","status":"publish","type":"page","link":"https:\/\/nick-ev.com\/en\/taetigkeiten\/","title":{"rendered":"Activities"},"content":{"rendered":"<div data-elementor-type=\"wp-page\" data-elementor-id=\"374\" class=\"elementor elementor-374\">\n\t\t\t\t\t\t<section class=\"elementor-section elementor-top-section elementor-element elementor-element-1b0a5d33 elementor-section-boxed elementor-section-height-default elementor-section-height-default\" data-id=\"1b0a5d33\" data-element_type=\"section\" data-settings=\"{&quot;background_background&quot;:&quot;classic&quot;}\">\n\t\t\t\t\t\t\t<div class=\"elementor-background-overlay\"><\/div>\n\t\t\t\t\t\t\t<div class=\"elementor-container elementor-column-gap-default\">\n\t\t\t\t\t<div class=\"elementor-column elementor-col-100 elementor-top-column elementor-element elementor-element-1f841ba\" data-id=\"1f841ba\" data-element_type=\"column\">\n\t\t\t<div class=\"elementor-widget-wrap elementor-element-populated\">\n\t\t\t\t\t\t<div class=\"elementor-element elementor-element-365ba0bd elementor-widget elementor-widget-heading\" data-id=\"365ba0bd\" data-element_type=\"widget\" data-widget_type=\"heading.default\">\n\t\t\t\t<div class=\"elementor-widget-container\">\n\t\t\t<h1 class=\"elementor-heading-title elementor-size-default\">Activities<\/h1>\t\t<\/div>\n\t\t\t\t<\/div>\n\t\t\t\t\t<\/div>\n\t\t<\/div>\n\t\t\t\t\t<\/div>\n\t\t<\/section>\n\t\t\t\t<section class=\"elementor-section elementor-top-section elementor-element elementor-element-db30819 elementor-section-boxed elementor-section-height-default elementor-section-height-default\" data-id=\"db30819\" data-element_type=\"section\">\n\t\t\t\t\t\t<div class=\"elementor-container elementor-column-gap-extended\">\n\t\t\t\t\t<div class=\"elementor-column elementor-col-50 elementor-top-column elementor-element elementor-element-62e3372\" data-id=\"62e3372\" data-element_type=\"column\">\n\t\t\t<div class=\"elementor-widget-wrap elementor-element-populated\">\n\t\t\t\t\t\t<div class=\"elementor-element elementor-element-b64d37b elementor-widget elementor-widget-image\" data-id=\"b64d37b\" data-element_type=\"widget\" id=\"datenbanken\" data-widget_type=\"image.default\">\n\t\t\t\t<div class=\"elementor-widget-container\">\n\t\t\t\t\t\t\t\t\t\t\t\t\t<img fetchpriority=\"high\" decoding=\"async\" width=\"1024\" height=\"768\" src=\"https:\/\/nick-ev.com\/wp-content\/uploads\/2020\/07\/Riechprobensatz-3.jpg\" class=\"attachment-large size-large wp-image-968\" alt=\"\" srcset=\"https:\/\/nick-ev.com\/wp-content\/uploads\/2020\/07\/Riechprobensatz-3.jpg 1024w, https:\/\/nick-ev.com\/wp-content\/uploads\/2020\/07\/Riechprobensatz-3-300x225.jpg 300w, https:\/\/nick-ev.com\/wp-content\/uploads\/2020\/07\/Riechprobensatz-3-768x576.jpg 768w\" sizes=\"(max-width: 1024px) 100vw, 1024px\" \/>\t\t\t\t\t\t\t\t\t\t\t\t\t<\/div>\n\t\t\t\t<\/div>\n\t\t\t\t\t<\/div>\n\t\t<\/div>\n\t\t\t\t<div class=\"elementor-column elementor-col-50 elementor-top-column elementor-element elementor-element-cb8f86b\" data-id=\"cb8f86b\" data-element_type=\"column\">\n\t\t\t<div class=\"elementor-widget-wrap elementor-element-populated\">\n\t\t\t\t\t\t<div class=\"elementor-element elementor-element-dfbe8e2 elementor-widget elementor-widget-heading\" data-id=\"dfbe8e2\" data-element_type=\"widget\" data-widget_type=\"heading.default\">\n\t\t\t\t<div class=\"elementor-widget-container\">\n\t\t\t<h2 class=\"elementor-heading-title elementor-size-medium\">Databases \/ Archives<\/h2>\t\t<\/div>\n\t\t\t\t<\/div>\n\t\t\t\t<div class=\"elementor-element elementor-element-35dad96 elementor-widget elementor-widget-text-editor\" data-id=\"35dad96\" data-element_type=\"widget\" data-widget_type=\"text-editor.default\">\n\t\t\t\t<div class=\"elementor-widget-container\">\n\t\t\t\t\t\t\t<p>Free of charge, the German National Information Center for Chemical Weapons (NICK e.V.) collects technical information on chemical warfare agents (CWAs) and munitions (CWMs), such as manufacture, buildup, mechanism, disarmament, destruction, dumping sites in the sea and digitizes them with the aim of preserving this information and making it avaible to federal authorities. In addition, NICK e.V. creates technical capacities and acts as an information center on the subjects of CWAs and CWMs.<\/p><p>\u00a0<\/p>\t\t\t\t\t\t<\/div>\n\t\t\t\t<\/div>\n\t\t\t\t\t<\/div>\n\t\t<\/div>\n\t\t\t\t\t<\/div>\n\t\t<\/section>\n\t\t\t\t<section class=\"elementor-section elementor-top-section elementor-element elementor-element-cba75a9 elementor-section-boxed elementor-section-height-default elementor-section-height-default\" data-id=\"cba75a9\" data-element_type=\"section\">\n\t\t\t\t\t\t<div class=\"elementor-container elementor-column-gap-extended\">\n\t\t\t\t\t<div class=\"elementor-column elementor-col-50 elementor-top-column elementor-element elementor-element-ed5bb21\" data-id=\"ed5bb21\" data-element_type=\"column\">\n\t\t\t<div class=\"elementor-widget-wrap elementor-element-populated\">\n\t\t\t\t\t\t<div class=\"elementor-element elementor-element-abaa064 elementor-widget elementor-widget-image\" data-id=\"abaa064\" data-element_type=\"widget\" id=\"informationsvermittlung\" data-widget_type=\"image.default\">\n\t\t\t\t<div class=\"elementor-widget-container\">\n\t\t\t\t\t\t\t\t\t\t\t\t\t<img decoding=\"async\" width=\"1024\" height=\"768\" src=\"https:\/\/nick-ev.com\/wp-content\/uploads\/2020\/07\/WhatsApp-Image-2020-03-09-at-13.05.21.jpeg\" class=\"attachment-large size-large wp-image-682\" alt=\"\" srcset=\"https:\/\/nick-ev.com\/wp-content\/uploads\/2020\/07\/WhatsApp-Image-2020-03-09-at-13.05.21.jpeg 1024w, https:\/\/nick-ev.com\/wp-content\/uploads\/2020\/07\/WhatsApp-Image-2020-03-09-at-13.05.21-300x225.jpeg 300w, https:\/\/nick-ev.com\/wp-content\/uploads\/2020\/07\/WhatsApp-Image-2020-03-09-at-13.05.21-768x576.jpeg 768w\" sizes=\"(max-width: 1024px) 100vw, 1024px\" \/>\t\t\t\t\t\t\t\t\t\t\t\t\t<\/div>\n\t\t\t\t<\/div>\n\t\t\t\t\t<\/div>\n\t\t<\/div>\n\t\t\t\t<div class=\"elementor-column elementor-col-50 elementor-top-column elementor-element elementor-element-89151f0\" data-id=\"89151f0\" data-element_type=\"column\">\n\t\t\t<div class=\"elementor-widget-wrap elementor-element-populated\">\n\t\t\t\t\t\t<div class=\"elementor-element elementor-element-02bc785 elementor-widget elementor-widget-heading\" data-id=\"02bc785\" data-element_type=\"widget\" id=\"know\" data-widget_type=\"heading.default\">\n\t\t\t\t<div class=\"elementor-widget-container\">\n\t\t\t<h2 class=\"elementor-heading-title elementor-size-medium\">Know-How-Transfer<\/h2>\t\t<\/div>\n\t\t\t\t<\/div>\n\t\t\t\t<div class=\"elementor-element elementor-element-f805bcc elementor-widget elementor-widget-text-editor\" data-id=\"f805bcc\" data-element_type=\"widget\" data-widget_type=\"text-editor.default\">\n\t\t\t\t<div class=\"elementor-widget-container\">\n\t\t\t\t\t\t\t<p>In order to prepare appropriate precautionary measures, NICK e.V. advises authorities and institutions on chemical weapon hazards regarding legacy munitions sites and possible uses as terrorist weapons. NICK e.V. also actively contributes to the communication of information via the media.<\/p><p>\u00a0<\/p>\t\t\t\t\t\t<\/div>\n\t\t\t\t<\/div>\n\t\t\t\t\t<\/div>\n\t\t<\/div>\n\t\t\t\t\t<\/div>\n\t\t<\/section>\n\t\t\t\t<section class=\"elementor-section elementor-top-section elementor-element elementor-element-1ceb66b elementor-section-boxed elementor-section-height-default elementor-section-height-default\" data-id=\"1ceb66b\" data-element_type=\"section\">\n\t\t\t\t\t\t<div class=\"elementor-container elementor-column-gap-extended\">\n\t\t\t\t\t<div class=\"elementor-column elementor-col-50 elementor-top-column elementor-element elementor-element-03f836f\" data-id=\"03f836f\" data-element_type=\"column\">\n\t\t\t<div class=\"elementor-widget-wrap elementor-element-populated\">\n\t\t\t\t\t\t<div class=\"elementor-element elementor-element-87caf1b elementor-widget elementor-widget-image\" data-id=\"87caf1b\" data-element_type=\"widget\" id=\"nachwuchskraefte\" data-widget_type=\"image.default\">\n\t\t\t\t<div class=\"elementor-widget-container\">\n\t\t\t\t\t\t\t\t\t\t\t\t\t<img decoding=\"async\" width=\"1024\" height=\"768\" src=\"https:\/\/nick-ev.com\/wp-content\/uploads\/2020\/07\/P1090703.jpg\" class=\"attachment-large size-large wp-image-663\" alt=\"\" srcset=\"https:\/\/nick-ev.com\/wp-content\/uploads\/2020\/07\/P1090703.jpg 1024w, https:\/\/nick-ev.com\/wp-content\/uploads\/2020\/07\/P1090703-300x225.jpg 300w, https:\/\/nick-ev.com\/wp-content\/uploads\/2020\/07\/P1090703-768x576.jpg 768w\" sizes=\"(max-width: 1024px) 100vw, 1024px\" \/>\t\t\t\t\t\t\t\t\t\t\t\t\t<\/div>\n\t\t\t\t<\/div>\n\t\t\t\t\t<\/div>\n\t\t<\/div>\n\t\t\t\t<div class=\"elementor-column elementor-col-50 elementor-top-column elementor-element elementor-element-069f8ac\" data-id=\"069f8ac\" data-element_type=\"column\">\n\t\t\t<div class=\"elementor-widget-wrap elementor-element-populated\">\n\t\t\t\t\t\t<div class=\"elementor-element elementor-element-9be8c05 elementor-widget elementor-widget-heading\" data-id=\"9be8c05\" data-element_type=\"widget\" data-widget_type=\"heading.default\">\n\t\t\t\t<div class=\"elementor-widget-container\">\n\t\t\t<h2 class=\"elementor-heading-title elementor-size-medium\">Support for Young Professionals and Expert Training<\/h2>\t\t<\/div>\n\t\t\t\t<\/div>\n\t\t\t\t<div class=\"elementor-element elementor-element-f43cc08 elementor-widget elementor-widget-text-editor\" data-id=\"f43cc08\" data-element_type=\"widget\" data-widget_type=\"text-editor.default\">\n\t\t\t\t<div class=\"elementor-widget-container\">\n\t\t\t\t\t\t\t<p>NICK e.V. actively promotes young professionals with courses in the Hazard Control graduate program at the Hamburg University of Applied Sciences (HAW).<\/p><p>\u00a0<\/p>\t\t\t\t\t\t<\/div>\n\t\t\t\t<\/div>\n\t\t\t\t\t<\/div>\n\t\t<\/div>\n\t\t\t\t\t<\/div>\n\t\t<\/section>\n\t\t\t\t<section class=\"elementor-section elementor-top-section elementor-element elementor-element-ccb85a4 elementor-section-boxed elementor-section-height-default elementor-section-height-default\" data-id=\"ccb85a4\" data-element_type=\"section\">\n\t\t\t\t\t\t<div class=\"elementor-container elementor-column-gap-extended\">\n\t\t\t\t\t<div class=\"elementor-column elementor-col-50 elementor-top-column elementor-element elementor-element-9abbde5\" data-id=\"9abbde5\" data-element_type=\"column\">\n\t\t\t<div class=\"elementor-widget-wrap elementor-element-populated\">\n\t\t\t\t\t\t<div class=\"elementor-element elementor-element-b3ec355 elementor-widget elementor-widget-image\" data-id=\"b3ec355\" data-element_type=\"widget\" id=\"forschungsfoerderung\" data-widget_type=\"image.default\">\n\t\t\t\t<div class=\"elementor-widget-container\">\n\t\t\t\t\t\t\t\t\t\t\t\t\t<img loading=\"lazy\" decoding=\"async\" width=\"1024\" height=\"768\" src=\"https:\/\/nick-ev.com\/wp-content\/uploads\/2020\/07\/P1020579.jpg\" class=\"attachment-large size-large wp-image-674\" alt=\"\" srcset=\"https:\/\/nick-ev.com\/wp-content\/uploads\/2020\/07\/P1020579.jpg 1024w, https:\/\/nick-ev.com\/wp-content\/uploads\/2020\/07\/P1020579-300x225.jpg 300w, https:\/\/nick-ev.com\/wp-content\/uploads\/2020\/07\/P1020579-768x576.jpg 768w\" sizes=\"(max-width: 1024px) 100vw, 1024px\" \/>\t\t\t\t\t\t\t\t\t\t\t\t\t<\/div>\n\t\t\t\t<\/div>\n\t\t\t\t\t<\/div>\n\t\t<\/div>\n\t\t\t\t<div class=\"elementor-column elementor-col-50 elementor-top-column elementor-element elementor-element-4a9744c\" data-id=\"4a9744c\" data-element_type=\"column\">\n\t\t\t<div class=\"elementor-widget-wrap elementor-element-populated\">\n\t\t\t\t\t\t<div class=\"elementor-element elementor-element-09a8e50 elementor-widget elementor-widget-heading\" data-id=\"09a8e50\" data-element_type=\"widget\" data-widget_type=\"heading.default\">\n\t\t\t\t<div class=\"elementor-widget-container\">\n\t\t\t<h2 class=\"elementor-heading-title elementor-size-medium\"><h2 class=\"elementor-heading-title elementor-size-medium elementor-inline-editing pen\" data-elementor-setting-key=\"title\" data-pen-placeholder=\"Eingabe hier...\" contenteditable=\"true\">Research Projects Support<\/h2><\/h2>\t\t<\/div>\n\t\t\t\t<\/div>\n\t\t\t\t<div class=\"elementor-element elementor-element-63998f5 elementor-widget elementor-widget-text-editor\" data-id=\"63998f5\" data-element_type=\"widget\" data-widget_type=\"text-editor.default\">\n\t\t\t\t<div class=\"elementor-widget-container\">\n\t\t\t\t\t\t\t<p>NICK e.V. promotes scientific research in the field of chemical weapon protection. NICK e.V. is currently assisting the ToxAR research project focusing on the development of occupational safety equipment for the inspection and recovery of chemical weapons in the Baltic Sea.<\/p><p><br><\/p><p><br><\/p>\n<p><\/p>\t\t\t\t\t\t<\/div>\n\t\t\t\t<\/div>\n\t\t\t\t\t<\/div>\n\t\t<\/div>\n\t\t\t\t\t<\/div>\n\t\t<\/section>\n\t\t\t\t<section class=\"elementor-section elementor-top-section elementor-element elementor-element-e89c657 elementor-section-boxed elementor-section-height-default elementor-section-height-default\" data-id=\"e89c657\" data-element_type=\"section\">\n\t\t\t\t\t\t<div class=\"elementor-container elementor-column-gap-extended\">\n\t\t\t\t\t<div class=\"elementor-column elementor-col-50 elementor-top-column elementor-element elementor-element-d61f9cf\" data-id=\"d61f9cf\" data-element_type=\"column\">\n\t\t\t<div class=\"elementor-widget-wrap elementor-element-populated\">\n\t\t\t\t\t\t<div class=\"elementor-element elementor-element-ab3b424 elementor-widget elementor-widget-image\" data-id=\"ab3b424\" data-element_type=\"widget\" id=\"sanierung\" data-widget_type=\"image.default\">\n\t\t\t\t<div class=\"elementor-widget-container\">\n\t\t\t\t\t\t\t\t\t\t\t\t\t<img loading=\"lazy\" decoding=\"async\" width=\"1024\" height=\"768\" src=\"https:\/\/nick-ev.com\/wp-content\/uploads\/2020\/07\/20200212_120224.jpg\" class=\"attachment-large size-large wp-image-676\" alt=\"chemische waffen\" srcset=\"https:\/\/nick-ev.com\/wp-content\/uploads\/2020\/07\/20200212_120224.jpg 1024w, https:\/\/nick-ev.com\/wp-content\/uploads\/2020\/07\/20200212_120224-300x225.jpg 300w, https:\/\/nick-ev.com\/wp-content\/uploads\/2020\/07\/20200212_120224-768x576.jpg 768w\" sizes=\"(max-width: 1024px) 100vw, 1024px\" \/>\t\t\t\t\t\t\t\t\t\t\t\t\t<\/div>\n\t\t\t\t<\/div>\n\t\t\t\t\t<\/div>\n\t\t<\/div>\n\t\t\t\t<div class=\"elementor-column elementor-col-50 elementor-top-column elementor-element elementor-element-52bd675\" data-id=\"52bd675\" data-element_type=\"column\">\n\t\t\t<div class=\"elementor-widget-wrap elementor-element-populated\">\n\t\t\t\t\t\t<div class=\"elementor-element elementor-element-c77749c elementor-widget elementor-widget-heading\" data-id=\"c77749c\" data-element_type=\"widget\" data-widget_type=\"heading.default\">\n\t\t\t\t<div class=\"elementor-widget-container\">\n\t\t\t<h2 class=\"elementor-heading-title elementor-size-medium\">Support for Clean-Up Operations<\/h2>\t\t<\/div>\n\t\t\t\t<\/div>\n\t\t\t\t<div class=\"elementor-element elementor-element-21566b6 elementor-widget elementor-widget-text-editor\" data-id=\"21566b6\" data-element_type=\"widget\" data-widget_type=\"text-editor.default\">\n\t\t\t\t<div class=\"elementor-widget-container\">\n\t\t\t\t\t\t\t<p>NICK e.V. works in close cooperation with authorities and institutions on creating comprehensible, comparable and verifiable standard procedures when dealing with legacy munitions sites. Currently such standards do not exist. NICK e.V. also offers advice and support for restoration projects.<\/p>\n<p><br><\/p>\n<p><br><\/p>\n<p><\/p>\t\t\t\t\t\t<\/div>\n\t\t\t\t<\/div>\n\t\t\t\t\t<\/div>\n\t\t<\/div>\n\t\t\t\t\t<\/div>\n\t\t<\/section>\n\t\t\t\t<\/div>","protected":false},"excerpt":{"rendered":"<p>T\u00e4tigkeiten Datenbanken \/ Archivierung Der Verein NICK e.V. stellt technische Informationen bez\u00fcglich chemischer Kampfstoffe und Kampfmittel (Herstellung, Aufbau und Funktionsweise, Angaben \u00fcber Beseitigung, Vernichtung, Munitionsversenkungen im Meer, etc.) zur Verf\u00fcgung, archiviert und digitalisiert sie mit dem Ziel, diese Informationen zu erhalten und insbesondere Landes- und Bundesbeh\u00f6rden zur Verf\u00fcgung zu stellen. Au\u00dferdem schafft NICK e.V. technische [&hellip;]<\/p>","protected":false},"author":1,"featured_media":0,"parent":0,"menu_order":0,"comment_status":"closed","ping_status":"closed","template":"","meta":{"site-sidebar-layout":"no-sidebar","site-content-layout":"page-builder","ast-site-content-layout":"","site-content-style":"default","site-sidebar-style":"default","ast-global-header-display":"","ast-banner-title-visibility":"","ast-main-header-display":"","ast-hfb-above-header-display":"","ast-hfb-below-header-display":"","ast-hfb-mobile-header-display":"","site-post-title":"disabled","ast-breadcrumbs-content":"","ast-featured-img":"disabled","footer-sml-layout":"","theme-transparent-header-meta":"default","adv-header-id-meta":"","stick-header-meta":"","header-above-stick-meta":"","header-main-stick-meta":"","header-below-stick-meta":"","astra-migrate-meta-layouts":"default","ast-page-background-enabled":"default","ast-page-background-meta":{"desktop":{"background-color":"","background-image":"","background-repeat":"repeat","background-position":"center center","background-size":"auto","background-attachment":"scroll","background-type":"","background-media":"","overlay-type":"","overlay-color":"","overlay-gradient":""},"tablet":{"background-color":"","background-image":"","background-repeat":"repeat","background-position":"center center","background-size":"auto","background-attachment":"scroll","background-type":"","background-media":"","overlay-type":"","overlay-color":"","overlay-gradient":""},"mobile":{"background-color":"","background-image":"","background-repeat":"repeat","background-position":"center center","background-size":"auto","background-attachment":"scroll","background-type":"","background-media":"","overlay-type":"","overlay-color":"","overlay-gradient":""}},"ast-content-background-meta":{"desktop":{"background-color":"var(--ast-global-color-5)","background-image":"","background-repeat":"repeat","background-position":"center center","background-size":"auto","background-attachment":"scroll","background-type":"","background-media":"","overlay-type":"","overlay-color":"","overlay-gradient":""},"tablet":{"background-color":"var(--ast-global-color-5)","background-image":"","background-repeat":"repeat","background-position":"center center","background-size":"auto","background-attachment":"scroll","background-type":"","background-media":"","overlay-type":"","overlay-color":"","overlay-gradient":""},"mobile":{"background-color":"var(--ast-global-color-5)","background-image":"","background-repeat":"repeat","background-position":"center center","background-size":"auto","background-attachment":"scroll","background-type":"","background-media":"","overlay-type":"","overlay-color":"","overlay-gradient":""}},"footnotes":""},"_links":{"self":[{"href":"https:\/\/nick-ev.com\/en\/wp-json\/wp\/v2\/pages\/374"}],"collection":[{"href":"https:\/\/nick-ev.com\/en\/wp-json\/wp\/v2\/pages"}],"about":[{"href":"https:\/\/nick-ev.com\/en\/wp-json\/wp\/v2\/types\/page"}],"author":[{"embeddable":true,"href":"https:\/\/nick-ev.com\/en\/wp-json\/wp\/v2\/users\/1"}],"replies":[{"embeddable":true,"href":"https:\/\/nick-ev.com\/en\/wp-json\/wp\/v2\/comments?post=374"}],"version-history":[{"count":0,"href":"https:\/\/nick-ev.com\/en\/wp-json\/wp\/v2\/pages\/374\/revisions"}],"wp:attachment":[{"href":"https:\/\/nick-ev.com\/en\/wp-json\/wp\/v2\/media?parent=374"}],"curies":[{"name":"wp","href":"https:\/\/api.w.org\/{rel}","templated":true}]}}